{"id":4598,"date":"2024-07-26T11:35:18","date_gmt":"2024-07-26T09:35:18","guid":{"rendered":"https:\/\/lome.diplomatie.gov.bf\/?page_id=4598"},"modified":"2024-10-01T13:37:33","modified_gmt":"2024-10-01T11:37:33","slug":"informations","status":"publish","type":"page","link":"https:\/\/lome.diplomatie.gov.bf\/index.php\/informations\/","title":{"rendered":"Informations"},"content":{"rendered":"\t\t<div data-elementor-type=\"wp-page\" data-elementor-id=\"4598\" class=\"elementor elementor-4598\" data-elementor-post-type=\"page\">\n\t\t\t\t<div data-particle_enable=\"false\" data-particle-mobile-disabled=\"false\" class=\"elementor-element elementor-element-cacbbbf e-flex e-con-boxed e-con e-parent\" data-id=\"cacbbbf\" data-element_type=\"container\" data-e-type=\"container\">\n\t\t\t\t\t<div class=\"e-con-inner\">\n\t\t\t\t<div class=\"elementor-element elementor-element-d02f4cb elementor-widget elementor-widget-text-editor\" data-id=\"d02f4cb\" data-element_type=\"widget\" data-e-type=\"widget\" data-widget_type=\"text-editor.default\">\n\t\t\t\t<div class=\"elementor-widget-container\">\n\t\t\t\t\t\t\t\t\t<h4><strong>Profil des Burkinab\u00e8 de Guin\u00e9e Equatoriale et perspectives de renforcement de la coop\u00e9ration bilat\u00e9rale avec le Burkina Faso<\/strong><\/h4><p>Les Burkinab\u00e8 r\u00e9sidant en R\u00e9publique de Guin\u00e9e Equatoriale sont estim\u00e9s entre 12.000 et 15.000 personnes r\u00e9parties sur l\u2019ensemble du territoire \u00e9quato-guin\u00e9en.<\/p><h5><strong>P\u00e9riode d\u2019arriv\u00e9e<\/strong><\/h5><p>La litt\u00e9rature et les \u00e9changes avec nos compatriotes indiquent que les Burkinab\u00e8 ont commenc\u00e9 \u00e0 migrer en grand nombre vers ce pays \u00e0 partir des ann\u00e9es 2004 correspondant \u00e0 la p\u00e9riode du d\u00e9but d\u2019exploitation du p\u00e9trole dans ce pays et des opportunit\u00e9s qu\u2019il offrait.<\/p><p>Les ann\u00e9es 2008 \u00e0 2012 qui ont vu le lancement de grands travaux en Guin\u00e9e Equatoriale surtout dans le domaine des BTP, ont enregistr\u00e9 les plus grandes vagues d\u2019arriv\u00e9e. A cette p\u00e9riode, il y avait une forte demande en main d\u2019\u0153uvre notamment dans les m\u00e9tiers li\u00e9s \u00e0 la construction (ma\u00e7onnerie, peinture, charpenterie, soudure, etc.). Cette tendance s\u2019est poursuivie jusque dans les ann\u00e9es 2016, o\u00f9, avec la chute des cours mondiaux du p\u00e9trole, principal produit d\u2019exportation de la Guin\u00e9e Equatoriale, l\u2019activit\u00e9 \u00e9conomique a connu un ralentissement.<\/p><h5><strong>Tendance actuelle<\/strong><\/h5><p>Du fait de ce ralentissement, beaucoup de nos compatriotes ont r\u00e9orient\u00e9 leurs activit\u00e9s en s\u2019investissant d\u00e9sormais dans le petit commerce (boutiques de vente de marchandises diverses, quincaillerie, etc.), le gardiennage et dans la production agricole \u00e0 petite \u00e9chelle.<\/p><p>Profitant de la langue espagnole qu\u2019ils pratiquent et du peu d\u2019opportunit\u00e9s en Guin\u00e9e Equatoriale, beaucoup de nos compatriotes, surtout de la tranche jeune, entament d\u00e9sormais des d\u00e9marches pour se rendre en Am\u00e9rique Latine, le but ultime \u00e9tant d\u2019arriver \u00e0 migrer vers les Etats-Unis d\u2019Am\u00e9rique.<\/p><h5><strong>R\u00e9partition sur le territoire \u00e9quato-guin\u00e9en<\/strong><\/h5><p>Les Burkinab\u00e8 \u00e9tablis en Guin\u00e9e Equatoriale sont pr\u00e9sents dans la quasi-totalit\u00e9 des villes de la Guin\u00e9e Equatoriale. Les plus grandes concentrations se recrutent \u00e0 Malabo (environ 3000) \u00e0 Bata (1500) \u00e0 Mongomo (1000) ou encore \u00e0 Riaba ou Musula.<\/p><h5><strong>Grands d\u00e9fis<\/strong><\/h5><p>A l\u2019instar des autres communaut\u00e9s \u00e9trang\u00e8res install\u00e9es en Guin\u00e9e Equatoriale, les Burkinab\u00e8 font face \u00e0 de nombreux d\u00e9fis.<\/p><p>Le premier d\u00e9fi est celui de la documentation. La r\u00e8glementation en Guin\u00e9e Equatoriale dispose que tout \u00e9tranger qui d\u00e9sire s\u2019\u00e9tablir sur son territoire doit disposer d\u2019un titre de s\u00e9jour.<\/p><p>Le deuxi\u00e8me d\u00e9fi est celui de la pr\u00e9carit\u00e9 de l\u2019emploi. Le secteur du travail en Guin\u00e9e Equatoriale est caract\u00e9ris\u00e9 par une forte faiblesse du respect de la r\u00e9glementation en mati\u00e8re de travail.<\/p><p>Un autre d\u00e9fi reste la question de l\u2019\u00e9tablissement ou du renouvellement de certains actes consulaires, d\u2019\u00e9tat civil ou de voyage. Beaucoup de nos compatriotes ici, parce que n\u2019\u00e9tant pas en r\u00e8gle de l\u2019immigration et ne pouvant pas quitter le territoire se retrouvent avec des documents d\u2019identit\u00e9 expir\u00e9s et qu\u2019ils peinent \u00e0 renouveler.<\/p><h5><strong>Atouts<\/strong><\/h5><p>Les Burkinab\u00e8 pr\u00e9sents en Guin\u00e9e Equatoriale exercent pour bon nombre des m\u00e9tiers de confiance (gardiennage, jardinage, cuisinier) dans des domiciles et sont tr\u00e8s appr\u00e9ci\u00e9s par leurs employeurs. <strong>\u00a0<\/strong><\/p><h5><strong>Le visage nouveau du Burkinab\u00e8 en Guin\u00e9e Equatoriale<\/strong><\/h5><p>Depuis quelques ann\u00e9es, du fait de la mobilit\u00e9 du personnel, des Burkinab\u00e8 \u00e9voluant dans des institutions internationales ou bancaires font la fiert\u00e9 de notre pays en Guin\u00e9e Equatoriale. Il s\u2019agit notamment de l\u2019ASECNA de BGFI Bank de ECOBANK GE ou de la SOMAGEC.<\/p><p>Plus r\u00e9cemment, dans le cadre de la mise en \u0153uvre de projets ou programmes avec certains partenaires multilat\u00e9raux, de nombreux cabinets d\u2019\u00e9tude du Burkina Faso d\u00e9ploient de l\u2019expertise en Guin\u00e9e Equatoriale dans le domaine notamment du BTP, de l\u2019agriculture, de la p\u00eache, de l\u2019\u00e9levage, etc.<\/p><p>Toutes ces expertises burkinab\u00e8 d\u00e9ploy\u00e9es en Guin\u00e9e Equatoriale contribue \u00e0 la construction d\u2019une image nouvelle du Burkinab\u00e8 de Guin\u00e9e Equatoriale.<\/p>\t\t\t\t\t\t\t\t<\/div>\n\t\t\t\t<\/div>\n\t\t\t\t\t<\/div>\n\t\t\t\t<\/div>\n\t\t\t\t<\/div>\n\t\t","protected":false},"excerpt":{"rendered":"<p>Profil des Burkinab\u00e8 de Guin\u00e9e Equatoriale et perspectives de renforcement de la coop\u00e9ration bilat\u00e9rale avec le Burkina Faso Les Burkinab\u00e8 r\u00e9sidant en R\u00e9publique de Guin\u00e9e Equatoriale sont estim\u00e9s entre 12.000 et 15.000 personnes r\u00e9parties sur l\u2019ensemble du territoire \u00e9quato-guin\u00e9en. P\u00e9riode d\u2019arriv\u00e9e La litt\u00e9rature et les \u00e9changes avec nos compatriotes indiquent que les Burkinab\u00e8 ont commenc\u00e9 [&hellip;]<\/p>\n","protected":false},"author":9,"featured_media":0,"parent":0,"menu_order":0,"comment_status":"closed","ping_status":"closed","template":"elementor_header_footer","meta":{"_acf_changed":false,"_monsterinsights_skip_tracking":false,"_monsterinsights_sitenote_active":false,"_monsterinsights_sitenote_note":"","_monsterinsights_sitenote_category":0,"footnotes":""},"class_list":["post-4598","page","type-page","status-publish","hentry"],"acf":[],"_links":{"self":[{"href":"https:\/\/lome.diplomatie.gov.bf\/index.php\/wp-json\/wp\/v2\/pages\/4598","targetHints":{"allow":["GET"]}}],"collection":[{"href":"https:\/\/lome.diplomatie.gov.bf\/index.php\/wp-json\/wp\/v2\/pages"}],"about":[{"href":"https:\/\/lome.diplomatie.gov.bf\/index.php\/wp-json\/wp\/v2\/types\/page"}],"author":[{"embeddable":true,"href":"https:\/\/lome.diplomatie.gov.bf\/index.php\/wp-json\/wp\/v2\/users\/9"}],"replies":[{"embeddable":true,"href":"https:\/\/lome.diplomatie.gov.bf\/index.php\/wp-json\/wp\/v2\/comments?post=4598"}],"version-history":[{"count":8,"href":"https:\/\/lome.diplomatie.gov.bf\/index.php\/wp-json\/wp\/v2\/pages\/4598\/revisions"}],"predecessor-version":[{"id":5070,"href":"https:\/\/lome.diplomatie.gov.bf\/index.php\/wp-json\/wp\/v2\/pages\/4598\/revisions\/5070"}],"wp:attachment":[{"href":"https:\/\/lome.diplomatie.gov.bf\/index.php\/wp-json\/wp\/v2\/media?parent=4598"}],"curies":[{"name":"wp","href":"https:\/\/api.w.org\/{rel}","templated":true}]}}