{"id":3081,"date":"2024-06-25T17:38:58","date_gmt":"2024-06-25T15:38:58","guid":{"rendered":"https:\/\/lome.diplomatie.gov.bf\/?page_id=3081"},"modified":"2024-10-01T13:34:04","modified_gmt":"2024-10-01T11:34:04","slug":"cooperation-bilaterale","status":"publish","type":"page","link":"https:\/\/lome.diplomatie.gov.bf\/index.php\/cooperation-bilaterale\/","title":{"rendered":"Coop\u00e9ration"},"content":{"rendered":"\t\t<div data-elementor-type=\"wp-page\" data-elementor-id=\"3081\" class=\"elementor elementor-3081\" data-elementor-post-type=\"page\">\n\t\t\t\t<div data-particle_enable=\"false\" data-particle-mobile-disabled=\"false\" class=\"elementor-element elementor-element-2bcad69 e-flex e-con-boxed e-con e-parent\" data-id=\"2bcad69\" data-element_type=\"container\" data-e-type=\"container\">\n\t\t\t\t\t<div class=\"e-con-inner\">\n\t\t\t\t<div class=\"elementor-element elementor-element-28fb78a elementor-widget elementor-widget-heading\" data-id=\"28fb78a\" data-element_type=\"widget\" data-e-type=\"widget\" data-widget_type=\"heading.default\">\n\t\t\t\t<div class=\"elementor-widget-container\">\n\t\t\t\t\t<h2 class=\"elementor-heading-title elementor-size-default\">COOPERATION ENTRE LE BURKINA FASO ET LA REPUBLIQUE DE GUINEE EQUATORIALE<\/h2>\t\t\t\t<\/div>\n\t\t\t\t<\/div>\n\t\t\t\t<div class=\"elementor-element elementor-element-a47c4ad elementor-widget elementor-widget-text-editor\" data-id=\"a47c4ad\" data-element_type=\"widget\" data-e-type=\"widget\" data-widget_type=\"text-editor.default\">\n\t\t\t\t<div class=\"elementor-widget-container\">\n\t\t\t\t\t\t\t\t\t<h5><strong>Des relations politiques <\/strong><\/h5><p>Les relations entre le Burkina Faso et la Guin\u00e9e \u00e9quatoriale remontent \u00e0 1993, date officielle d\u2019\u00e9tablissement des relations diplomatiques entre les deux pays. Ainsi, ils entretiennent des relations tant bilat\u00e9rales que multilat\u00e9rales. Au plan bilat\u00e9ral, en dehors de quelques visites officielles de hauts responsables burkinab\u00e8 en Guin\u00e9e \u00e9quatoriale, le niveau de la coop\u00e9ration reste globalement faible.<\/p><p>C\u2019est en vue de dynamiser cette coop\u00e9ration que les deux parties ont sign\u00e9 en 2008, un Accord-cadre de coop\u00e9ration \u00e9conomique, commerciale, culturelle, scientifique et technique, instituant une Grande Commission Mixte de Coop\u00e9ration entre eux, assorti d\u2019un r\u00e8glement int\u00e9rieur. Mais depuis lors, aucune session n\u2019a pu se tenir malgr\u00e9 les multiples initiatives prises de part et d\u2019autre.<\/p><p>En 2022, le Burkina Faso a ouvert un Consulat G\u00e9n\u00e9ral en R\u00e9publique de Guin\u00e9e Equatoriale.<\/p><p>Au plan multilat\u00e9ral, les deux pays entretiennent des relations au sein de l\u2019Union Africaine, de la Francophonie, de l\u2019Organisation de Coop\u00e9ration Islamique, du Mouvement des Non-align\u00e9s et des Nations Unies.<\/p><h5><strong><u>Cadre juridique<\/u><\/strong><\/h5><p>Les accords suivants ont \u00e9t\u00e9 sign\u00e9s entre les deux pays\u00a0:<\/p><ul><li>Protocole d\u2019\u00e9tablissement des relations diplomatiques entre le Burkina Faso et la R\u00e9publique de Guin\u00e9e Equatoriale sign\u00e9 \u00e0 Ouagadougou, le 02 novembre 1993 ;<\/li><li>R\u00e8glement int\u00e9rieur de la Grande Commission Mixte de Coop\u00e9ration entre le Gouvernement du Burkina Faso et le Gouvernement de la R\u00e9publique de Guin\u00e9e \u00e9quatoriale sign\u00e9 \u00e0 Bata, le 06 d\u00e9cembre 2008 ;<\/li><li>Accord cadre de coop\u00e9ration \u00e9conomique, commerciale, culturelle, scientifique et technique entre le Gouvernement du Burkina Faso et le Gouvernement de la R\u00e9publique de Guin\u00e9e \u00e9quatoriale sign\u00e9 \u00e0 Bata, le 08 octobre 2008 ;<\/li><li>Protocole d\u2019entente entre le Gouvernement du Burkina Faso et le Gouvernement de la R\u00e9publique de Guin\u00e9e Equatoriale concernant l\u2019offre de Gaz naturel liqu\u00e9fi\u00e9 (GNL), sign\u00e9 \u00e0 Ouagadougou le 14 septembre 2017.<\/li><\/ul><h5><strong><u>Des Perspectives<\/u><\/strong><\/h5><p>Dans la perspective de la relance de l\u2019axe Ouagadougou-Malabo, Son Excellence Monsieur Karamoko Jean Marie TRAORE, Ministre des Affaires Etrang\u00e8res, de la Coop\u00e9ration R\u00e9gionale et des Burkinab\u00e8 de l\u2019Ext\u00e9rieur a effectu\u00e9 une visite d\u2019amiti\u00e9 et de travail \u00e0 Malabo du 09 au 12 juillet 2024.<\/p><p>Cette visite lui a permis de faire un tour d\u2019horizon des axes de coop\u00e9ration avec son homologue de Guin\u00e9e Equatoriale, de reconfirmer les centres d\u2019int\u00e9r\u00eat consign\u00e9s dans l\u2019Accord cadre de 2008 et, de prendre ensemble l\u2019engagement de renforcer cette coop\u00e9ration suivant les orientations donn\u00e9es par Leurs Excellences Obiang Nguema MBASOGO et Ibrahim TRAORE, respectivement Pr\u00e9sident de la R\u00e9publique de Guin\u00e9e Equatoriale et Pr\u00e9sident du Faso.<\/p><p>Les deux Chefs de la diplomatie ont \u00e9galement convenu de prendre les dispositions n\u00e9cessaires en vue de la tenue prochaine de la premi\u00e8re session de la Commission mixte de coop\u00e9ration entre la R\u00e9publique de Guin\u00e9e Equatoriale et le Burkina Faso.<\/p>\t\t\t\t\t\t\t\t<\/div>\n\t\t\t\t<\/div>\n\t\t\t\t\t<\/div>\n\t\t\t\t<\/div>\n\t\t\t\t<\/div>\n\t\t","protected":false},"excerpt":{"rendered":"<p>COOPERATION ENTRE LE BURKINA FASO ET LA REPUBLIQUE DE GUINEE EQUATORIALE Des relations politiques Les relations entre le Burkina Faso et la Guin\u00e9e \u00e9quatoriale remontent \u00e0 1993, date officielle d\u2019\u00e9tablissement des relations diplomatiques entre les deux pays. Ainsi, ils entretiennent des relations tant bilat\u00e9rales que multilat\u00e9rales. Au plan bilat\u00e9ral, en dehors de quelques visites officielles [&hellip;]<\/p>\n","protected":false},"author":4,"featured_media":0,"parent":0,"menu_order":0,"comment_status":"closed","ping_status":"closed","template":"elementor_header_footer","meta":{"_acf_changed":false,"_monsterinsights_skip_tracking":false,"_monsterinsights_sitenote_active":false,"_monsterinsights_sitenote_note":"","_monsterinsights_sitenote_category":0,"footnotes":""},"class_list":["post-3081","page","type-page","status-publish","hentry"],"acf":[],"_links":{"self":[{"href":"https:\/\/lome.diplomatie.gov.bf\/index.php\/wp-json\/wp\/v2\/pages\/3081","targetHints":{"allow":["GET"]}}],"collection":[{"href":"https:\/\/lome.diplomatie.gov.bf\/index.php\/wp-json\/wp\/v2\/pages"}],"about":[{"href":"https:\/\/lome.diplomatie.gov.bf\/index.php\/wp-json\/wp\/v2\/types\/page"}],"author":[{"embeddable":true,"href":"https:\/\/lome.diplomatie.gov.bf\/index.php\/wp-json\/wp\/v2\/users\/4"}],"replies":[{"embeddable":true,"href":"https:\/\/lome.diplomatie.gov.bf\/index.php\/wp-json\/wp\/v2\/comments?post=3081"}],"version-history":[{"count":15,"href":"https:\/\/lome.diplomatie.gov.bf\/index.php\/wp-json\/wp\/v2\/pages\/3081\/revisions"}],"predecessor-version":[{"id":5066,"href":"https:\/\/lome.diplomatie.gov.bf\/index.php\/wp-json\/wp\/v2\/pages\/3081\/revisions\/5066"}],"wp:attachment":[{"href":"https:\/\/lome.diplomatie.gov.bf\/index.php\/wp-json\/wp\/v2\/media?parent=3081"}],"curies":[{"name":"wp","href":"https:\/\/api.w.org\/{rel}","templated":true}]}}